{"id":1502,"date":"2024-08-02T08:40:02","date_gmt":"2024-08-02T08:40:02","guid":{"rendered":"https:\/\/villalize.com\/servicios-villalize-2\/"},"modified":"2024-08-30T12:12:35","modified_gmt":"2024-08-30T12:12:35","slug":"blog-villalize","status":"publish","type":"page","link":"https:\/\/villalize.com\/en\/blog-villalize\/","title":{"rendered":"Blog Villalize"},"content":{"rendered":"\t\t<div data-elementor-type=\"wp-page\" data-elementor-id=\"1502\" class=\"elementor elementor-1502\" data-elementor-post-type=\"page\">\n\t\t\t\t<div class=\"elementor-element elementor-element-f205966 e-flex e-con-boxed e-con e-parent\" data-id=\"f205966\" data-element_type=\"container\" data-e-type=\"container\" data-settings=\"{&quot;background_background&quot;:&quot;classic&quot;}\">\n\t\t\t\t\t<div class=\"e-con-inner\">\n\t\t\t\t\t<\/div>\n\t\t\t\t<\/div>\n\t\t<div class=\"elementor-element elementor-element-bf43ccc e-flex e-con-boxed e-con e-parent\" data-id=\"bf43ccc\" data-element_type=\"container\" data-e-type=\"container\">\n\t\t\t\t\t<div class=\"e-con-inner\">\n\t\t\t\t<div class=\"elementor-element elementor-element-b9b1ef2 elementor-widget elementor-widget-image\" data-id=\"b9b1ef2\" data-element_type=\"widget\" data-e-type=\"widget\" data-widget_type=\"image.default\">\n\t\t\t\t<div class=\"elementor-widget-container\">\n\t\t\t\t\t\t\t\t\t\t\t\t\t\t\t<img decoding=\"async\" src=\"https:\/\/villalize.com\/en\/wp-content\/uploads\/sites\/2\/ico-Villalize.svg\" class=\"attachment-large size-large wp-image-1587\" alt=\"ico Villalize\" \/>\t\t\t\t\t\t\t\t\t\t\t\t\t\t\t<\/div>\n\t\t\t\t<\/div>\n\t\t\t\t<div class=\"elementor-element elementor-element-58a2a2e elementor-widget elementor-widget-heading\" data-id=\"58a2a2e\" data-element_type=\"widget\" data-e-type=\"widget\" data-widget_type=\"heading.default\">\n\t\t\t\t<div class=\"elementor-widget-container\">\n\t\t\t\t\t<h2 class=\"elementor-heading-title elementor-size-default\">Blog  <\/h2>\t\t\t\t<\/div>\n\t\t\t\t<\/div>\n\t\t\t\t\t<\/div>\n\t\t\t\t<\/div>\n\t\t<div class=\"elementor-element elementor-element-76d0435 e-flex e-con-boxed e-con e-parent\" data-id=\"76d0435\" data-element_type=\"container\" data-e-type=\"container\">\n\t\t\t\t\t<div class=\"e-con-inner\">\n\t\t\t\t<div class=\"elementor-element elementor-element-fbf90d5 elementor-grid-3 elementor-grid-tablet-2 elementor-grid-mobile-1 elementor-posts--thumbnail-top elementor-card-shadow-yes elementor-posts__hover-gradient elementor-widget elementor-widget-posts\" data-id=\"fbf90d5\" data-element_type=\"widget\" data-e-type=\"widget\" data-settings=\"{&quot;cards_row_gap&quot;:{&quot;unit&quot;:&quot;px&quot;,&quot;size&quot;:39,&quot;sizes&quot;:[]},&quot;pagination_type&quot;:&quot;prev_next&quot;,&quot;cards_columns&quot;:&quot;3&quot;,&quot;cards_columns_tablet&quot;:&quot;2&quot;,&quot;cards_columns_mobile&quot;:&quot;1&quot;,&quot;cards_row_gap_laptop&quot;:{&quot;unit&quot;:&quot;px&quot;,&quot;size&quot;:&quot;&quot;,&quot;sizes&quot;:[]},&quot;cards_row_gap_tablet&quot;:{&quot;unit&quot;:&quot;px&quot;,&quot;size&quot;:&quot;&quot;,&quot;sizes&quot;:[]},&quot;cards_row_gap_mobile&quot;:{&quot;unit&quot;:&quot;px&quot;,&quot;size&quot;:&quot;&quot;,&quot;sizes&quot;:[]}}\" data-widget_type=\"posts.cards\">\n\t\t\t\t<div class=\"elementor-widget-container\">\n\t\t\t\t\t\t\t<div class=\"elementor-posts-container elementor-posts elementor-posts--skin-cards elementor-grid\" role=\"list\">\n\t\t\t\t<article class=\"elementor-post elementor-grid-item post-1545 post type-post status-publish format-standard has-post-thumbnail hentry category-noticias\" role=\"listitem\">\n\t\t\t<div class=\"elementor-post__card\">\n\t\t\t\t<a class=\"elementor-post__thumbnail__link\" href=\"https:\/\/villalize.com\/en\/las-3-mejores-rutas-de-senderismo-en-tenerife\/\" tabindex=\"-1\" ><div class=\"elementor-post__thumbnail\"><img fetchpriority=\"high\" decoding=\"async\" width=\"1200\" height=\"800\" src=\"https:\/\/villalize.com\/en\/wp-content\/uploads\/sites\/2\/3-mejores-rutas-senderismo-tenerife.webp\" class=\"attachment-medium size-medium wp-image-1546\" alt=\"3 mejores rutas senderismo tenerife\" srcset=\"https:\/\/villalize.com\/en\/wp-content\/uploads\/sites\/2\/3-mejores-rutas-senderismo-tenerife.webp 1200w, https:\/\/villalize.com\/en\/wp-content\/uploads\/sites\/2\/3-mejores-rutas-senderismo-tenerife-768x512.webp 768w\" sizes=\"(max-width: 1200px) 100vw, 1200px\" \/><\/div><\/a>\n\t\t\t\t<div class=\"elementor-post__text\">\n\t\t\t\t<h3 class=\"elementor-post__title\">\n\t\t\t<a href=\"https:\/\/villalize.com\/en\/las-3-mejores-rutas-de-senderismo-en-tenerife\/\" >\n\t\t\t\tThe 3 Best Hiking Routes in Tenerife\t\t\t<\/a>\n\t\t<\/h3>\n\t\t\t\t<div class=\"elementor-post__excerpt\">\n\t\t\t<p>Discover the three most spectacular hiking routes in Tenerife. From volcanic landscapes to lush laurel forests, these hikes will allow you to explore the island&#8217;s natural diversity and enjoy breathtaking views.<\/p>\n\t\t<\/div>\n\t\t\n\t\t<a class=\"elementor-post__read-more\" href=\"https:\/\/villalize.com\/en\/las-3-mejores-rutas-de-senderismo-en-tenerife\/\" aria-label=\"M\u00e1s informaci\u00f3n sobre The 3 Best Hiking Routes in Tenerife\" tabindex=\"-1\" >\n\t\t\tRead more \u00bb\t\t<\/a>\n\n\t\t\t\t<\/div>\n\t\t\t\t<div class=\"elementor-post__meta-data\">\n\t\t\t\t\t<span class=\"elementor-post-date\">\n\t\t\t08\/02\/2024\t\t<\/span>\n\t\t\t\t<\/div>\n\t\t\t\t\t<\/div>\n\t\t<\/article>\n\t\t\t\t<article class=\"elementor-post elementor-grid-item post-1526 post type-post status-publish format-standard has-post-thumbnail hentry category-noticias\" role=\"listitem\">\n\t\t\t<div class=\"elementor-post__card\">\n\t\t\t\t<a class=\"elementor-post__thumbnail__link\" href=\"https:\/\/villalize.com\/en\/las-5-mejores-playas-de-lanzarote-para-ir-en-pareja\/\" tabindex=\"-1\" ><div class=\"elementor-post__thumbnail\"><img decoding=\"async\" width=\"1200\" height=\"800\" src=\"https:\/\/villalize.com\/en\/wp-content\/uploads\/sites\/2\/pareja-romance-playa.webp\" class=\"attachment-medium size-medium wp-image-1530\" alt=\"pareja romance playa\" srcset=\"https:\/\/villalize.com\/en\/wp-content\/uploads\/sites\/2\/pareja-romance-playa.webp 1200w, https:\/\/villalize.com\/en\/wp-content\/uploads\/sites\/2\/pareja-romance-playa-768x512.webp 768w\" sizes=\"(max-width: 1200px) 100vw, 1200px\" \/><\/div><\/a>\n\t\t\t\t<div class=\"elementor-post__text\">\n\t\t\t\t<h3 class=\"elementor-post__title\">\n\t\t\t<a href=\"https:\/\/villalize.com\/en\/las-5-mejores-playas-de-lanzarote-para-ir-en-pareja\/\" >\n\t\t\t\tThe 5 Best Beaches in Lanzarote for Couples\t\t\t<\/a>\n\t\t<\/h3>\n\t\t\t\t<div class=\"elementor-post__excerpt\">\n\t\t\t<p>Discover the most romantic beaches in Lanzarote, perfect for enjoying with your partner. From golden sands to crystal-clear waters, here are the ideal destinations for a romantic getaway on this Canary Island.<\/p>\n\t\t<\/div>\n\t\t\n\t\t<a class=\"elementor-post__read-more\" href=\"https:\/\/villalize.com\/en\/las-5-mejores-playas-de-lanzarote-para-ir-en-pareja\/\" aria-label=\"M\u00e1s informaci\u00f3n sobre The 5 Best Beaches in Lanzarote for Couples\" tabindex=\"-1\" >\n\t\t\tRead more \u00bb\t\t<\/a>\n\n\t\t\t\t<\/div>\n\t\t\t\t<div class=\"elementor-post__meta-data\">\n\t\t\t\t\t<span class=\"elementor-post-date\">\n\t\t\t08\/02\/2024\t\t<\/span>\n\t\t\t\t<\/div>\n\t\t\t\t\t<\/div>\n\t\t<\/article>\n\t\t\t\t<article class=\"elementor-post elementor-grid-item post-1514 post type-post status-publish format-standard has-post-thumbnail hentry category-noticias\" role=\"listitem\">\n\t\t\t<div class=\"elementor-post__card\">\n\t\t\t\t<a class=\"elementor-post__thumbnail__link\" href=\"https:\/\/villalize.com\/en\/fundacion-cesar-manrique-donde-el-arte-se-encuentra-con-la-naturaleza\/\" tabindex=\"-1\" ><div class=\"elementor-post__thumbnail\"><img decoding=\"async\" width=\"900\" height=\"1000\" src=\"https:\/\/villalize.com\/en\/wp-content\/uploads\/sites\/2\/cesar_manrique_04.webp\" class=\"attachment-medium size-medium wp-image-1518\" alt=\"\" srcset=\"https:\/\/villalize.com\/en\/wp-content\/uploads\/sites\/2\/cesar_manrique_04.webp 900w, https:\/\/villalize.com\/en\/wp-content\/uploads\/sites\/2\/cesar_manrique_04-768x853.webp 768w\" sizes=\"(max-width: 900px) 100vw, 900px\" \/><\/div><\/a>\n\t\t\t\t<div class=\"elementor-post__text\">\n\t\t\t\t<h3 class=\"elementor-post__title\">\n\t\t\t<a href=\"https:\/\/villalize.com\/en\/fundacion-cesar-manrique-donde-el-arte-se-encuentra-con-la-naturaleza\/\" >\n\t\t\t\tC\u00e9sar Manrique Foundation: Where Art Meets Nature\t\t\t<\/a>\n\t\t<\/h3>\n\t\t\t\t<div class=\"elementor-post__excerpt\">\n\t\t\t<p>The C\u00e9sar Manrique Foundation is more than just a visit to a museum or art gallery. This space, which was the artist&#8217;s former residence and studio, is a living testament to Manrique\u2019s vision of harmony between art and the island\u2019s unique nature.<\/p>\n\t\t<\/div>\n\t\t\n\t\t<a class=\"elementor-post__read-more\" href=\"https:\/\/villalize.com\/en\/fundacion-cesar-manrique-donde-el-arte-se-encuentra-con-la-naturaleza\/\" aria-label=\"M\u00e1s informaci\u00f3n sobre C\u00e9sar Manrique Foundation: Where Art Meets Nature\" tabindex=\"-1\" >\n\t\t\tRead more \u00bb\t\t<\/a>\n\n\t\t\t\t<\/div>\n\t\t\t\t<div class=\"elementor-post__meta-data\">\n\t\t\t\t\t<span class=\"elementor-post-date\">\n\t\t\t08\/02\/2024\t\t<\/span>\n\t\t\t\t<\/div>\n\t\t\t\t\t<\/div>\n\t\t<\/article>\n\t\t\t\t<\/div>\n\t\t\n\t\t\t\t\t\t<\/div>\n\t\t\t\t<\/div>\n\t\t\t\t\t<\/div>\n\t\t\t\t<\/div>\n\t\t\t\t<\/div>\n\t\t","protected":false},"excerpt":{"rendered":"<p>Blog<\/p>\n","protected":false},"author":1,"featured_media":0,"parent":0,"menu_order":0,"comment_status":"closed","ping_status":"closed","template":"","meta":{"footnotes":""},"class_list":["post-1502","page","type-page","status-publish","hentry"],"yoast_head":"<!-- This site is optimized with the Yoast SEO plugin v27.5 - https:\/\/yoast.com\/product\/yoast-seo-wordpress\/ -->\n<title>Blog Villalize - Villalize EN<\/title>\n<meta name=\"description\" content=\"En el Blog Villalize, leer\u00e1s art\u00edculos y tips de las islas Canarias para contarte sobre las maravillas de las que puedes disfrutar.\" \/>\n<meta name=\"robots\" content=\"index, follow, max-snippet:-1, max-image-preview:large, max-video-preview:-1\" \/>\n<link rel=\"canonical\" href=\"https:\/\/villalize.com\/en\/blog-villalize\/\" \/>\n<meta property=\"og:locale\" content=\"es_ES\" \/>\n<meta property=\"og:type\" content=\"article\" \/>\n<meta property=\"og:title\" content=\"Blog Villalize - Villalize EN\" \/>\n<meta property=\"og:description\" content=\"En el Blog Villalize, leer\u00e1s art\u00edculos y tips de las islas Canarias para contarte sobre las maravillas de las que puedes disfrutar.\" \/>\n<meta property=\"og:url\" content=\"https:\/\/villalize.com\/en\/blog-villalize\/\" \/>\n<meta property=\"og:site_name\" content=\"Villalize EN\" \/>\n<meta property=\"article:modified_time\" content=\"2024-08-30T12:12:35+00:00\" \/>\n<meta property=\"og:image\" content=\"https:\/\/villalize.com\/en\/wp-content\/uploads\/sites\/2\/ico-Villalize.svg\" \/>\n<meta name=\"twitter:card\" content=\"summary_large_image\" \/>\n<meta name=\"twitter:label1\" content=\"Tiempo de lectura\" \/>\n\t<meta name=\"twitter:data1\" content=\"2 minutos\" \/>\n<script type=\"application\/ld+json\" class=\"yoast-schema-graph\">{\"@context\":\"https:\\\/\\\/schema.org\",\"@graph\":[{\"@type\":\"WebPage\",\"@id\":\"https:\\\/\\\/villalize.com\\\/en\\\/blog-villalize\\\/\",\"url\":\"https:\\\/\\\/villalize.com\\\/en\\\/blog-villalize\\\/\",\"name\":\"Blog Villalize - Villalize EN\",\"isPartOf\":{\"@id\":\"https:\\\/\\\/villalize.com\\\/en\\\/#website\"},\"primaryImageOfPage\":{\"@id\":\"https:\\\/\\\/villalize.com\\\/en\\\/blog-villalize\\\/#primaryimage\"},\"image\":{\"@id\":\"https:\\\/\\\/villalize.com\\\/en\\\/blog-villalize\\\/#primaryimage\"},\"thumbnailUrl\":\"https:\\\/\\\/villalize.com\\\/en\\\/wp-content\\\/uploads\\\/sites\\\/2\\\/ico-Villalize.svg\",\"datePublished\":\"2024-08-02T08:40:02+00:00\",\"dateModified\":\"2024-08-30T12:12:35+00:00\",\"description\":\"En el Blog Villalize, leer\u00e1s art\u00edculos y tips de las islas Canarias para contarte sobre las maravillas de las que puedes disfrutar.\",\"breadcrumb\":{\"@id\":\"https:\\\/\\\/villalize.com\\\/en\\\/blog-villalize\\\/#breadcrumb\"},\"inLanguage\":\"es\",\"potentialAction\":[{\"@type\":\"ReadAction\",\"target\":[\"https:\\\/\\\/villalize.com\\\/en\\\/blog-villalize\\\/\"]}]},{\"@type\":\"ImageObject\",\"inLanguage\":\"es\",\"@id\":\"https:\\\/\\\/villalize.com\\\/en\\\/blog-villalize\\\/#primaryimage\",\"url\":\"https:\\\/\\\/villalize.com\\\/en\\\/wp-content\\\/uploads\\\/sites\\\/2\\\/ico-Villalize.svg\",\"contentUrl\":\"https:\\\/\\\/villalize.com\\\/en\\\/wp-content\\\/uploads\\\/sites\\\/2\\\/ico-Villalize.svg\",\"caption\":\"ico Villalize\"},{\"@type\":\"BreadcrumbList\",\"@id\":\"https:\\\/\\\/villalize.com\\\/en\\\/blog-villalize\\\/#breadcrumb\",\"itemListElement\":[{\"@type\":\"ListItem\",\"position\":1,\"name\":\"Portada\",\"item\":\"https:\\\/\\\/villalize.com\\\/en\\\/\"},{\"@type\":\"ListItem\",\"position\":2,\"name\":\"Blog Villalize\"}]},{\"@type\":\"WebSite\",\"@id\":\"https:\\\/\\\/villalize.com\\\/en\\\/#website\",\"url\":\"https:\\\/\\\/villalize.com\\\/en\\\/\",\"name\":\"Villalize EN\",\"description\":\"Villalize\",\"publisher\":{\"@id\":\"https:\\\/\\\/villalize.com\\\/en\\\/#organization\"},\"potentialAction\":[{\"@type\":\"SearchAction\",\"target\":{\"@type\":\"EntryPoint\",\"urlTemplate\":\"https:\\\/\\\/villalize.com\\\/en\\\/?s={search_term_string}\"},\"query-input\":{\"@type\":\"PropertyValueSpecification\",\"valueRequired\":true,\"valueName\":\"search_term_string\"}}],\"inLanguage\":\"es\"},{\"@type\":\"Organization\",\"@id\":\"https:\\\/\\\/villalize.com\\\/en\\\/#organization\",\"name\":\"Villalize EN\",\"url\":\"https:\\\/\\\/villalize.com\\\/en\\\/\",\"logo\":{\"@type\":\"ImageObject\",\"inLanguage\":\"es\",\"@id\":\"https:\\\/\\\/villalize.com\\\/en\\\/#\\\/schema\\\/logo\\\/image\\\/\",\"url\":\"https:\\\/\\\/villalize.com\\\/en\\\/wp-content\\\/uploads\\\/sites\\\/2\\\/Villalize-logo.svg\",\"contentUrl\":\"https:\\\/\\\/villalize.com\\\/en\\\/wp-content\\\/uploads\\\/sites\\\/2\\\/Villalize-logo.svg\",\"caption\":\"Villalize EN\"},\"image\":{\"@id\":\"https:\\\/\\\/villalize.com\\\/en\\\/#\\\/schema\\\/logo\\\/image\\\/\"}}]}<\/script>\n<!-- \/ Yoast SEO plugin. -->","yoast_head_json":{"title":"Blog Villalize - Villalize EN","description":"En el Blog Villalize, leer\u00e1s art\u00edculos y tips de las islas Canarias para contarte sobre las maravillas de las que puedes disfrutar.","robots":{"index":"index","follow":"follow","max-snippet":"max-snippet:-1","max-image-preview":"max-image-preview:large","max-video-preview":"max-video-preview:-1"},"canonical":"https:\/\/villalize.com\/en\/blog-villalize\/","og_locale":"es_ES","og_type":"article","og_title":"Blog Villalize - Villalize EN","og_description":"En el Blog Villalize, leer\u00e1s art\u00edculos y tips de las islas Canarias para contarte sobre las maravillas de las que puedes disfrutar.","og_url":"https:\/\/villalize.com\/en\/blog-villalize\/","og_site_name":"Villalize EN","article_modified_time":"2024-08-30T12:12:35+00:00","og_image":[{"url":"https:\/\/villalize.com\/en\/wp-content\/uploads\/sites\/2\/ico-Villalize.svg","type":"","width":"","height":""}],"twitter_card":"summary_large_image","twitter_misc":{"Tiempo de lectura":"2 minutos"},"schema":{"@context":"https:\/\/schema.org","@graph":[{"@type":"WebPage","@id":"https:\/\/villalize.com\/en\/blog-villalize\/","url":"https:\/\/villalize.com\/en\/blog-villalize\/","name":"Blog Villalize - Villalize EN","isPartOf":{"@id":"https:\/\/villalize.com\/en\/#website"},"primaryImageOfPage":{"@id":"https:\/\/villalize.com\/en\/blog-villalize\/#primaryimage"},"image":{"@id":"https:\/\/villalize.com\/en\/blog-villalize\/#primaryimage"},"thumbnailUrl":"https:\/\/villalize.com\/en\/wp-content\/uploads\/sites\/2\/ico-Villalize.svg","datePublished":"2024-08-02T08:40:02+00:00","dateModified":"2024-08-30T12:12:35+00:00","description":"En el Blog Villalize, leer\u00e1s art\u00edculos y tips de las islas Canarias para contarte sobre las maravillas de las que puedes disfrutar.","breadcrumb":{"@id":"https:\/\/villalize.com\/en\/blog-villalize\/#breadcrumb"},"inLanguage":"es","potentialAction":[{"@type":"ReadAction","target":["https:\/\/villalize.com\/en\/blog-villalize\/"]}]},{"@type":"ImageObject","inLanguage":"es","@id":"https:\/\/villalize.com\/en\/blog-villalize\/#primaryimage","url":"https:\/\/villalize.com\/en\/wp-content\/uploads\/sites\/2\/ico-Villalize.svg","contentUrl":"https:\/\/villalize.com\/en\/wp-content\/uploads\/sites\/2\/ico-Villalize.svg","caption":"ico Villalize"},{"@type":"BreadcrumbList","@id":"https:\/\/villalize.com\/en\/blog-villalize\/#breadcrumb","itemListElement":[{"@type":"ListItem","position":1,"name":"Portada","item":"https:\/\/villalize.com\/en\/"},{"@type":"ListItem","position":2,"name":"Blog Villalize"}]},{"@type":"WebSite","@id":"https:\/\/villalize.com\/en\/#website","url":"https:\/\/villalize.com\/en\/","name":"Villalize EN","description":"Villalize","publisher":{"@id":"https:\/\/villalize.com\/en\/#organization"},"potentialAction":[{"@type":"SearchAction","target":{"@type":"EntryPoint","urlTemplate":"https:\/\/villalize.com\/en\/?s={search_term_string}"},"query-input":{"@type":"PropertyValueSpecification","valueRequired":true,"valueName":"search_term_string"}}],"inLanguage":"es"},{"@type":"Organization","@id":"https:\/\/villalize.com\/en\/#organization","name":"Villalize EN","url":"https:\/\/villalize.com\/en\/","logo":{"@type":"ImageObject","inLanguage":"es","@id":"https:\/\/villalize.com\/en\/#\/schema\/logo\/image\/","url":"https:\/\/villalize.com\/en\/wp-content\/uploads\/sites\/2\/Villalize-logo.svg","contentUrl":"https:\/\/villalize.com\/en\/wp-content\/uploads\/sites\/2\/Villalize-logo.svg","caption":"Villalize EN"},"image":{"@id":"https:\/\/villalize.com\/en\/#\/schema\/logo\/image\/"}}]}},"_links":{"self":[{"href":"https:\/\/villalize.com\/en\/wp-json\/wp\/v2\/pages\/1502","targetHints":{"allow":["GET"]}}],"collection":[{"href":"https:\/\/villalize.com\/en\/wp-json\/wp\/v2\/pages"}],"about":[{"href":"https:\/\/villalize.com\/en\/wp-json\/wp\/v2\/types\/page"}],"author":[{"embeddable":true,"href":"https:\/\/villalize.com\/en\/wp-json\/wp\/v2\/users\/1"}],"replies":[{"embeddable":true,"href":"https:\/\/villalize.com\/en\/wp-json\/wp\/v2\/comments?post=1502"}],"version-history":[{"count":9,"href":"https:\/\/villalize.com\/en\/wp-json\/wp\/v2\/pages\/1502\/revisions"}],"predecessor-version":[{"id":3360,"href":"https:\/\/villalize.com\/en\/wp-json\/wp\/v2\/pages\/1502\/revisions\/3360"}],"wp:attachment":[{"href":"https:\/\/villalize.com\/en\/wp-json\/wp\/v2\/media?parent=1502"}],"curies":[{"name":"wp","href":"https:\/\/api.w.org\/{rel}","templated":true}]}}